{"id":4615,"date":"2025-03-03T23:59:31","date_gmt":"2025-03-03T16:59:31","guid":{"rendered":"https:\/\/luzanaff.com\/?post_type=product&#038;p=4615"},"modified":"2025-09-12T13:49:30","modified_gmt":"2025-09-12T06:49:30","slug":"kem-u-phuc-hoi-toc","status":"publish","type":"product","link":"https:\/\/luzanaff.com\/en\/product\/kem-u-phuc-hoi-toc\/","title":{"rendered":"Apferis Sphingo Nutrition Hair Pack-Kem \u1ee7 t\u00f3c"},"content":{"rendered":"<p>Kem \u1ee7 t\u00f3c<strong> Apferis Sphingo Nutrition Hair Pack<\/strong> \u2013 gi\u1ea3i ph\u00e1p ho\u00e0n h\u1ea3o gi\u00fap b\u1ea1n kh\u00f4i ph\u1ee5c v\u00e0 nu\u00f4i d\u01b0\u1ee1ng m\u00e1i t\u00f3c kh\u1ecfe m\u1ea1nh, gi\u00fap cho m\u00e1i t\u00f3c tr\u1edf n\u00ean b\u1ed3ng b\u1ec1nh v\u00e0 ch\u1eafc kh\u1ecfe h\u01a1n.<\/p>\n<ul>\n<li>Nu\u00f4i d\u01b0\u1ee1ng t\u00f3c t\u1eeb s\u00e2u b\u00ean trong v\u1edbi c\u00e1c chi\u1ebft xu\u1ea5t h\u1ea1t: h\u1ea1t m\u00e8 \u0111en, \u0111\u1eadu \u0111en, \u0111\u1eadu xanh, \u0111\u1eadu \u0111\u1ecf, h\u1ea1t lanh, h\u1ea1t chia, h\u1ea1t Alpha,..<\/li>\n<li>Gi\u00fap t\u00f3c \u00f3ng \u1ea3, v\u00e0o n\u1ebfp su\u00f4n m\u01b0\u1ee3t m\u1ed7i ng\u00e0y v\u1edbi 3 lo\u1ea1i tinh d\u1ea7u t\u1ef1 nhi\u00ean<\/li>\n<li>C\u00f4ng th\u1ee9c Hydrolyzed \u0111\u1eb7c bi\u1ec7t gi\u00fap l\u00e0m t\u0103ng kh\u1ea3 n\u0103ng h\u1ea5p th\u1ee5 d\u01b0\u1ee1ng ch\u1ea5t, c\u1ea3i thi\u1ec7n c\u1ea5u tr\u00fac t\u00f3c, mang l\u1ea1i s\u1ef1 m\u1ec1m m\u01b0\u1ee3t.<\/li>\n<li>\u0110\u1ea1t ti\u00eau chu\u1ea9n v\u1ec1 ch\u1ea5t l\u01b0\u1ee3ng c\u00e1c ho\u1ea1t ch\u1ea5t s\u1eed d\u1ee5ng c\u1ee7a T\u1ed5 ch\u1ee9c EWG- M\u1ef9.<\/li>\n<\/ul>\n<p>Dung t\u00edch s\u1ea3n ph\u1ea9m: 200ml<\/p>\n<p><strong>L\u01afU \u00dd &amp; B\u1ea2O QU\u1ea2N:<\/strong><\/p>\n<p>Ch\u1ec9 s\u1eed d\u1ee5ng ngo\u00e0i da. Ng\u01b0ng s\u1eed d\u1ee5ng khi c\u00f3 d\u1ea5u hi\u1ec7u b\u1ea5t th\u01b0\u1eddng. \u0110\u1ec3 n\u01a1i kh\u00f4 tho\u00e1ng, tr\u00e1nh \u00e1nh n\u1eafng tr\u1ef1c ti\u1ebfp, nhi\u1ec7t \u0111\u1ed9 cao v\u00e0 \u0111\u1ec3 xa t\u1ea7m tay tr\u1ebb em.<\/p>","protected":false},"excerpt":{"rendered":"<p>Kh\u00f4ng c\u1ea7n ra ti\u1ec7m, b\u1ea1n v\u1eabn c\u00f3 th\u1ec3 tr\u1ea3i nghi\u1ec7m c\u1ea3m gi\u00e1c ch\u0103m s\u00f3c t\u00f3c sang tr\u1ecdng v\u1edbi\u00a0<strong>Apferis<\/strong>.<\/p>\n<p><strong>Salicylic Acid<\/strong>\u00a0gi\u00fap l\u00e0m s\u1ea1ch s\u00e2u t\u1eebng l\u1ed7 ch\u00e2n t\u00f3c, trong khi\u00a0<strong>Hydrolyzed Collagen<\/strong> ph\u1ee5c h\u1ed3i v\u00e0 l\u00e0m d\u00e0y s\u1ee3i t\u00f3c t\u1eeb g\u1ed1c \u0111\u1ebfn ng\u1ecdn. Ch\u1ec9 sau v\u00e0i l\u1ea7n s\u1eed d\u1ee5ng, t\u00f3c tr\u1edf n\u00ean m\u1ec1m m\u1ea1i, tr\u01a1n m\u01b0\u1ee3t v\u00e0 t\u1ecfa h\u01b0\u01a1ng d\u1ecbu m\u00e1t nh\u01b0 v\u1eeba b\u01b0\u1edbc ra t\u1eeb spa.<\/p>","protected":false},"featured_media":5362,"comment_status":"open","ping_status":"closed","template":"","meta":[],"product_cat":[112,103],"product_tag":[],"class_list":["post-4615","product","type-product","status-publish","has-post-thumbnail","hentry","product_cat-cham-soc-toc","product_cat-my-pham","brands-apferis"],"acf":[],"yoast_head":"<!-- This site is optimized with the Yoast SEO Premium plugin v20.9 (Yoast SEO v20.9) - https:\/\/yoast.com\/wordpress\/plugins\/seo\/ -->\n<title>LUZANA - Apferis Sphingo Nutrition Hair Pack-Kem \u1ee7 t\u00f3c -<\/title>\n<meta name=\"description\" content=\"Kem \u1ee7 t\u00f3c Apferis Sphingo Nutrition Hair Pack \u2013 gi\u1ea3i ph\u00e1p ho\u00e0n h\u1ea3o gi\u00fap kh\u00f4i ph\u1ee5c v\u00e0 nu\u00f4i d\u01b0\u1ee1ng m\u00e1i t\u00f3c kh\u1ecfe m\u1ea1nh, b\u1ed3ng b\u1ec1nh v\u00e0 ch\u1eafc kh\u1ecfe h\u01a1n.\" \/>\n<meta name=\"robots\" content=\"index, follow, max-snippet:-1, max-image-preview:large, max-video-preview:-1\" \/>\n<link rel=\"canonical\" href=\"https:\/\/luzanaff.com\/en\/product\/kem-u-phuc-hoi-toc\/\" \/>\n<meta property=\"og:locale\" content=\"en_US\" \/>\n<meta property=\"og:type\" content=\"article\" \/>\n<meta property=\"og:title\" content=\"Apferis Sphingo Nutrition Hair Pack-Kem \u1ee7 t\u00f3c\" \/>\n<meta property=\"og:description\" content=\"Kem \u1ee7 t\u00f3c Apferis Sphingo Nutrition Hair Pack \u2013 gi\u1ea3i ph\u00e1p ho\u00e0n h\u1ea3o gi\u00fap kh\u00f4i ph\u1ee5c v\u00e0 nu\u00f4i d\u01b0\u1ee1ng m\u00e1i t\u00f3c kh\u1ecfe m\u1ea1nh, b\u1ed3ng b\u1ec1nh v\u00e0 ch\u1eafc kh\u1ecfe h\u01a1n.\" \/>\n<meta property=\"og:url\" content=\"https:\/\/luzanaff.com\/en\/product\/kem-u-phuc-hoi-toc\/\" \/>\n<meta property=\"og:site_name\" content=\"LUZANA\" \/>\n<meta property=\"article:modified_time\" content=\"2025-09-12T06:49:30+00:00\" \/>\n<meta property=\"og:image\" content=\"https:\/\/luzanaff.com\/wp-content\/uploads\/2025\/03\/8-2.png\" \/>\n\t<meta property=\"og:image:width\" content=\"1080\" \/>\n\t<meta property=\"og:image:height\" content=\"1080\" \/>\n\t<meta property=\"og:image:type\" content=\"image\/png\" \/>\n<meta name=\"twitter:card\" content=\"summary_large_image\" \/>\n<meta name=\"twitter:label1\" content=\"Est. reading time\" \/>\n\t<meta name=\"twitter:data1\" content=\"1 minute\" \/>\n<script type=\"application\/ld+json\" class=\"yoast-schema-graph\">{\"@context\":\"https:\/\/schema.org\",\"@graph\":[{\"@type\":\"WebPage\",\"@id\":\"https:\/\/luzanaff.com\/san-pham\/kem-u-phuc-hoi-toc\/\",\"url\":\"https:\/\/luzanaff.com\/san-pham\/kem-u-phuc-hoi-toc\/\",\"name\":\"LUZANA - Apferis Sphingo Nutrition Hair Pack-Kem \u1ee7 t\u00f3c -\",\"isPartOf\":{\"@id\":\"https:\/\/luzanaff.com\/#website\"},\"datePublished\":\"2025-03-03T16:59:31+00:00\",\"dateModified\":\"2025-09-12T06:49:30+00:00\",\"description\":\"Kem \u1ee7 t\u00f3c Apferis Sphingo Nutrition Hair Pack \u2013 gi\u1ea3i ph\u00e1p ho\u00e0n h\u1ea3o gi\u00fap kh\u00f4i ph\u1ee5c v\u00e0 nu\u00f4i d\u01b0\u1ee1ng m\u00e1i t\u00f3c kh\u1ecfe m\u1ea1nh, b\u1ed3ng b\u1ec1nh v\u00e0 ch\u1eafc kh\u1ecfe h\u01a1n.\",\"breadcrumb\":{\"@id\":\"https:\/\/luzanaff.com\/san-pham\/kem-u-phuc-hoi-toc\/#breadcrumb\"},\"inLanguage\":\"en-US\",\"potentialAction\":[{\"@type\":\"ReadAction\",\"target\":[\"https:\/\/luzanaff.com\/san-pham\/kem-u-phuc-hoi-toc\/\"]}]},{\"@type\":\"BreadcrumbList\",\"@id\":\"https:\/\/luzanaff.com\/san-pham\/kem-u-phuc-hoi-toc\/#breadcrumb\",\"itemListElement\":[{\"@type\":\"ListItem\",\"position\":1,\"name\":\"Trang ch\u1ee7\",\"item\":\"https:\/\/luzanaff.com\/\"},{\"@type\":\"ListItem\",\"position\":2,\"name\":\"S\u1ea3n ph\u1ea9m\",\"item\":\"https:\/\/luzanaff.com\/san-pham-luzana\/\"},{\"@type\":\"ListItem\",\"position\":3,\"name\":\"Apferis Sphingo Nutrition Hair Pack-Kem \u1ee7 t\u00f3c\"}]},{\"@type\":\"WebSite\",\"@id\":\"https:\/\/luzanaff.com\/#website\",\"url\":\"https:\/\/luzanaff.com\/\",\"name\":\"LUZANA\",\"description\":\"\",\"potentialAction\":[{\"@type\":\"SearchAction\",\"target\":{\"@type\":\"EntryPoint\",\"urlTemplate\":\"https:\/\/luzanaff.com\/?s={search_term_string}\"},\"query-input\":\"required name=search_term_string\"}],\"inLanguage\":\"en-US\"}]}<\/script>\n<!-- \/ Yoast SEO Premium plugin. -->","yoast_head_json":{"title":"LUZANA - Apferis Sphingo Nutrition Hair Pack-Kem \u1ee7 t\u00f3c -","description":"Kem \u1ee7 t\u00f3c Apferis Sphingo Nutrition Hair Pack \u2013 gi\u1ea3i ph\u00e1p ho\u00e0n h\u1ea3o gi\u00fap kh\u00f4i ph\u1ee5c v\u00e0 nu\u00f4i d\u01b0\u1ee1ng m\u00e1i t\u00f3c kh\u1ecfe m\u1ea1nh, b\u1ed3ng b\u1ec1nh v\u00e0 ch\u1eafc kh\u1ecfe h\u01a1n.","robots":{"index":"index","follow":"follow","max-snippet":"max-snippet:-1","max-image-preview":"max-image-preview:large","max-video-preview":"max-video-preview:-1"},"canonical":"https:\/\/luzanaff.com\/en\/product\/kem-u-phuc-hoi-toc\/","og_locale":"en_US","og_type":"article","og_title":"Apferis Sphingo Nutrition Hair Pack-Kem \u1ee7 t\u00f3c","og_description":"Kem \u1ee7 t\u00f3c Apferis Sphingo Nutrition Hair Pack \u2013 gi\u1ea3i ph\u00e1p ho\u00e0n h\u1ea3o gi\u00fap kh\u00f4i ph\u1ee5c v\u00e0 nu\u00f4i d\u01b0\u1ee1ng m\u00e1i t\u00f3c kh\u1ecfe m\u1ea1nh, b\u1ed3ng b\u1ec1nh v\u00e0 ch\u1eafc kh\u1ecfe h\u01a1n.","og_url":"https:\/\/luzanaff.com\/en\/product\/kem-u-phuc-hoi-toc\/","og_site_name":"LUZANA","article_modified_time":"2025-09-12T06:49:30+00:00","og_image":[{"width":1080,"height":1080,"url":"https:\/\/luzanaff.com\/wp-content\/uploads\/2025\/03\/8-2.png","type":"image\/png"}],"twitter_card":"summary_large_image","twitter_misc":{"Est. reading time":"1 minute"},"schema":{"@context":"https:\/\/schema.org","@graph":[{"@type":"WebPage","@id":"https:\/\/luzanaff.com\/san-pham\/kem-u-phuc-hoi-toc\/","url":"https:\/\/luzanaff.com\/san-pham\/kem-u-phuc-hoi-toc\/","name":"LUZANA - Apferis Sphingo Nutrition Hair Pack-Kem \u1ee7 t\u00f3c -","isPartOf":{"@id":"https:\/\/luzanaff.com\/#website"},"datePublished":"2025-03-03T16:59:31+00:00","dateModified":"2025-09-12T06:49:30+00:00","description":"Kem \u1ee7 t\u00f3c Apferis Sphingo Nutrition Hair Pack \u2013 gi\u1ea3i ph\u00e1p ho\u00e0n h\u1ea3o gi\u00fap kh\u00f4i ph\u1ee5c v\u00e0 nu\u00f4i d\u01b0\u1ee1ng m\u00e1i t\u00f3c kh\u1ecfe m\u1ea1nh, b\u1ed3ng b\u1ec1nh v\u00e0 ch\u1eafc kh\u1ecfe h\u01a1n.","breadcrumb":{"@id":"https:\/\/luzanaff.com\/san-pham\/kem-u-phuc-hoi-toc\/#breadcrumb"},"inLanguage":"en-US","potentialAction":[{"@type":"ReadAction","target":["https:\/\/luzanaff.com\/san-pham\/kem-u-phuc-hoi-toc\/"]}]},{"@type":"BreadcrumbList","@id":"https:\/\/luzanaff.com\/san-pham\/kem-u-phuc-hoi-toc\/#breadcrumb","itemListElement":[{"@type":"ListItem","position":1,"name":"Trang ch\u1ee7","item":"https:\/\/luzanaff.com\/"},{"@type":"ListItem","position":2,"name":"S\u1ea3n ph\u1ea9m","item":"https:\/\/luzanaff.com\/san-pham-luzana\/"},{"@type":"ListItem","position":3,"name":"Apferis Sphingo Nutrition Hair Pack-Kem \u1ee7 t\u00f3c"}]},{"@type":"WebSite","@id":"https:\/\/luzanaff.com\/#website","url":"https:\/\/luzanaff.com\/","name":"LUZANA","description":"","potentialAction":[{"@type":"SearchAction","target":{"@type":"EntryPoint","urlTemplate":"https:\/\/luzanaff.com\/?s={search_term_string}"},"query-input":"required name=search_term_string"}],"inLanguage":"en-US"}]}},"_links":{"self":[{"href":"https:\/\/luzanaff.com\/en\/wp-json\/wp\/v2\/product\/4615","targetHints":{"allow":["GET"]}}],"collection":[{"href":"https:\/\/luzanaff.com\/en\/wp-json\/wp\/v2\/product"}],"about":[{"href":"https:\/\/luzanaff.com\/en\/wp-json\/wp\/v2\/types\/product"}],"replies":[{"embeddable":true,"href":"https:\/\/luzanaff.com\/en\/wp-json\/wp\/v2\/comments?post=4615"}],"wp:featuredmedia":[{"embeddable":true,"href":"https:\/\/luzanaff.com\/en\/wp-json\/wp\/v2\/media\/5362"}],"wp:attachment":[{"href":"https:\/\/luzanaff.com\/en\/wp-json\/wp\/v2\/media?parent=4615"}],"wp:term":[{"taxonomy":"product_cat","embeddable":true,"href":"https:\/\/luzanaff.com\/en\/wp-json\/wp\/v2\/product_cat?post=4615"},{"taxonomy":"product_tag","embeddable":true,"href":"https:\/\/luzanaff.com\/en\/wp-json\/wp\/v2\/product_tag?post=4615"}],"curies":[{"name":"wp","href":"https:\/\/api.w.org\/{rel}","templated":true}]}}