{"id":1190,"date":"2025-02-18T14:15:48","date_gmt":"2025-02-18T07:15:48","guid":{"rendered":"https:\/\/firstsight.design\/levre\/mono\/?post_type=product&#038;p=1190"},"modified":"2025-12-01T07:37:34","modified_gmt":"2025-12-01T00:37:34","slug":"post-shave-lotion-3","status":"publish","type":"product","link":"https:\/\/luzanaff.com\/en\/product\/post-shave-lotion-3\/","title":{"rendered":"Apferis Twinkle Multi Serum &#8211; Tinh ch\u1ea5t d\u01b0\u1ee1ng da"},"content":{"rendered":"<p><strong>Apferis Twinkle Multi Serum<\/strong> \u0111\u01b0\u1ee3c chi\u1ebft xu\u1ea5t t\u1eeb c\u00e1c th\u00e0nh ph\u1ea7n thi\u00ean nhi\u00ean d\u1ecbu nh\u1eb9, an to\u00e0n gi\u00fap cho da \u0111\u01b0\u1ee3c th\u01b0 gi\u00e3n d\u00fang c\u00e1ch.<\/p>\n<ul>\n<li><span data-sheets-root=\"1\">N\u01b0\u1edbc hoa h\u1ed3ng (Rosa damascena) t\u0103ng kh\u1ea3 n\u0103ng d\u01b0\u1ee1ng \u1ea9m cho da, l\u00e0m m\u1ec1m da v\u00e0 ng\u0103n ng\u1eeba kh\u00f4 da. M\u00f9i h\u01b0\u01a1ng thanh m\u00e1t c\u00f3 th\u1ec3 gi\u00fap gi\u1ea3m c\u0103ng th\u1eb3ng.<\/span><\/li>\n<li>Tinh ch\u1ea5t hoa Viola gi\u00fap d\u01b0\u1ee1ng \u1ea9m cho da m\u1ed9t c\u00e1ch t\u1ef1 nhi\u00ean, t\u00e1i t\u1ea1o v\u00e0 ch\u1ed1ng oxy h\u00f3a, gi\u00fap da tr\u1edf n\u00ean m\u1ec1m m\u1ea1i v\u00e0 t\u01b0\u01a1i tr\u1ebb h\u01a1n.<\/li>\n<li>Chi\u1ebft xu\u1ea5t r\u1ec5 c\u00e2y phong v\u00e0 c\u00e2y cam th\u1ea3o h\u1ed7 tr\u1ee3 gi\u1ea3m vi\u00eam v\u00e0 l\u00e0m d\u1ecbu da.<\/li>\n<li>Thi\u1ebft k\u1ebf \u01b0u vi\u1ec7t v\u1edbi nh\u1eefng h\u1ea1t tinh th\u1ec3 nh\u1ecf <span data-sheets-root=\"1\">ch\u1ee9a ho\u1ea1t ch\u1ea5t d\u01b0\u1ee1ng \u1ea9m c\u00f3 kh\u1ea3 n\u0103ng tan ngay khi ti\u1ebfp x\u00fac v\u1edbi gi\u00fap da s\u1ebd h\u1ea5p th\u1ee5 d\u01b0\u1ee1ng ch\u1ea5t m\u1ed9t c\u00e1ch nhanh ch\u00f3ng v\u00e0 hi\u1ec7u qu\u1ea3 ngay t\u1eeb s\u00e2u b\u00ean trong.<\/span><\/li>\n<li>\u0110\u1ea1t ti\u00eau chu\u1ea9n v\u1ec1 ch\u1ea5t l\u01b0\u1ee3ng c\u00e1c ho\u1ea1t ch\u1ea5t s\u1eed d\u1ee5ng c\u1ee7a T\u1ed5 ch\u1ee9c EWG- M\u1ef9.<\/li>\n<\/ul>\n<p>Dung t\u00edch s\u1ea3n ph\u1ea9m: 50ml<\/p>\n<p><strong>L\u01afU \u00dd &amp; B\u1ea2O QU\u1ea2N:<\/strong><\/p>\n<p>Ch\u1ec9 s\u1eed d\u1ee5ng ngo\u00e0i da. Ng\u01b0ng s\u1eed d\u1ee5ng khi c\u00f3 d\u1ea5u hi\u1ec7u b\u1ea5t th\u01b0\u1eddng. \u0110\u1ec3 n\u01a1i kh\u00f4 tho\u00e1ng, tr\u00e1nh \u00e1nh n\u1eafng tr\u1ef1c ti\u1ebfp, nhi\u1ec7t \u0111\u1ed9 cao v\u00e0 \u0111\u1ec3 xa t\u1ea7m tay tr\u1ebb em.<\/p>\n<p>&nbsp;<\/p>","protected":false},"excerpt":{"rendered":"<p>&#8220;\u0110\u00e1nh th\u1ee9c l\u00e0n da b\u1eb1ng s\u1ee9c m\u1ea1nh thi\u00ean nhi\u00ean thu\u1ea7n khi\u1ebft &#8220;\ud83c\udf31<br \/>\n<strong>Serum\u00a0Apferis<\/strong>\u00a0h\u1ed9i t\u1ee5\u00a0<strong>chi\u1ebft xu\u1ea5t r\u1ec5 c\u00e2y cam th\u1ea3o<\/strong>\u00a0v\u00e0\u00a0<strong>r\u1ec5 c\u00e2y Phong<\/strong>, n\u00e2ng niu t\u1eebng centimet l\u00e0n da. <strong>H\u1ec7 vi sinh Lactobacillus<\/strong>\u00a0gi\u00fap da c\u00e2n b\u1eb1ng, kh\u1ecfe kho\u1eafn nh\u01b0 m\u00e1i t\u00f3c ch\u1eafc kh\u1ecfe sau g\u1ed9i.<br \/>\n<strong>Tinh th\u1ec3 h\u1ed3ng li ti<\/strong>\u00a0tan v\u00e0o l\u1edbp gel m\u00e1t nh\u1eb9, mang t\u1edbi c\u1ea3m gi\u00e1c s\u1ea3ng kho\u00e1i ngay khi ch\u1ea1m.<br \/>\nCh\u1ec9 v\u00e0i gi\u1ecdt \u2013 l\u00e0n da nh\u01b0 \u0111\u01b0\u1ee3c h\u1ed3i sinh, m\u1ec1m m\u01b0\u1ee3t v\u00e0 trong veo nh\u01b0 gi\u1ecdt s\u01b0\u01a1ng mai.<\/p>","protected":false},"featured_media":5365,"comment_status":"open","ping_status":"closed","template":"","meta":[],"product_cat":[114,103],"product_tag":[122],"class_list":["post-1190","product","type-product","status-publish","has-post-thumbnail","hentry","product_cat-cham-soc-da","product_cat-my-pham","product_tag-serum","brands-apferis"],"acf":[],"yoast_head":"<!-- This site is optimized with the Yoast SEO Premium plugin v20.9 (Yoast SEO v20.9) - https:\/\/yoast.com\/wordpress\/plugins\/seo\/ -->\n<title>LUZANA - Apferis Twinkle Multi Serum - Tinh ch\u1ea5t d\u01b0\u1ee1ng da<\/title>\n<meta name=\"description\" content=\"\ud835\udc68\ud835\udc91\ud835\udc87\ud835\udc86\ud835\udc93\ud835\udc8a\ud835\udc94 \ud835\udc7b\ud835\udc98\ud835\udc8a\ud835\udc8f\ud835\udc8c\ud835\udc8d\ud835\udc86 \ud835\udc74\ud835\udc96\ud835\udc8d\ud835\udc95\ud835\udc8a \ud835\udc7a\ud835\udc86\ud835\udc93\ud835\udc96\ud835\udc8e - M\u00f3n \u0111\u1ed3 skincare kh\u00f4ng th\u1ec3 thi\u1ebfu gi\u00fap cho l\u00e0n da \u0111\u01b0\u1ee3c c\u00e2n b\u1eb1ng \u0111\u1ed9 \u1ea9m t\u1ed1i \u01b0u k\u1ec3 c\u1ea3 da nh\u1ea1y c\u1ea3m, t\u1eeb \u0111\u00f3 gi\u00fap l\u00e0n da b\u1ea1n ng\u00e0y m\u1ed9t tr\u1edf n\u00ean m\u1ec1m m\u1ea1i v\u00e0 r\u1ea1ng r\u1ee1 h\u01a1n.\" \/>\n<meta name=\"robots\" content=\"index, follow, max-snippet:-1, max-image-preview:large, max-video-preview:-1\" \/>\n<link rel=\"canonical\" href=\"https:\/\/luzanaff.com\/en\/product\/post-shave-lotion-3\/\" \/>\n<meta property=\"og:locale\" content=\"en_US\" \/>\n<meta property=\"og:type\" content=\"article\" \/>\n<meta property=\"og:title\" content=\"Apferis Twinkle Multi Serum - Tinh ch\u1ea5t d\u01b0\u1ee1ng da\" \/>\n<meta property=\"og:description\" content=\"\ud835\udc68\ud835\udc91\ud835\udc87\ud835\udc86\ud835\udc93\ud835\udc8a\ud835\udc94 \ud835\udc7b\ud835\udc98\ud835\udc8a\ud835\udc8f\ud835\udc8c\ud835\udc8d\ud835\udc86 \ud835\udc74\ud835\udc96\ud835\udc8d\ud835\udc95\ud835\udc8a \ud835\udc7a\ud835\udc86\ud835\udc93\ud835\udc96\ud835\udc8e - M\u00f3n \u0111\u1ed3 skincare kh\u00f4ng th\u1ec3 thi\u1ebfu gi\u00fap cho l\u00e0n da \u0111\u01b0\u1ee3c c\u00e2n b\u1eb1ng \u0111\u1ed9 \u1ea9m t\u1ed1i \u01b0u k\u1ec3 c\u1ea3 da nh\u1ea1y c\u1ea3m, t\u1eeb \u0111\u00f3 gi\u00fap l\u00e0n da b\u1ea1n ng\u00e0y m\u1ed9t tr\u1edf n\u00ean m\u1ec1m m\u1ea1i v\u00e0 r\u1ea1ng r\u1ee1 h\u01a1n.\" \/>\n<meta property=\"og:url\" content=\"https:\/\/luzanaff.com\/en\/product\/post-shave-lotion-3\/\" \/>\n<meta property=\"og:site_name\" content=\"LUZANA\" \/>\n<meta property=\"article:modified_time\" content=\"2025-12-01T00:37:34+00:00\" \/>\n<meta property=\"og:image\" content=\"https:\/\/luzanaff.com\/wp-content\/uploads\/2025\/03\/2-1.png\" \/>\n\t<meta property=\"og:image:width\" content=\"1080\" \/>\n\t<meta property=\"og:image:height\" content=\"1080\" \/>\n\t<meta property=\"og:image:type\" content=\"image\/png\" \/>\n<meta name=\"twitter:card\" content=\"summary_large_image\" \/>\n<meta name=\"twitter:label1\" content=\"Est. reading time\" \/>\n\t<meta name=\"twitter:data1\" content=\"2 minutes\" \/>\n<script type=\"application\/ld+json\" class=\"yoast-schema-graph\">{\"@context\":\"https:\/\/schema.org\",\"@graph\":[{\"@type\":\"WebPage\",\"@id\":\"https:\/\/luzanaff.com\/san-pham\/post-shave-lotion-3\/\",\"url\":\"https:\/\/luzanaff.com\/san-pham\/post-shave-lotion-3\/\",\"name\":\"LUZANA - Apferis Twinkle Multi Serum - Tinh ch\u1ea5t d\u01b0\u1ee1ng da\",\"isPartOf\":{\"@id\":\"https:\/\/luzanaff.com\/#website\"},\"datePublished\":\"2025-02-18T07:15:48+00:00\",\"dateModified\":\"2025-12-01T00:37:34+00:00\",\"description\":\"\ud835\udc68\ud835\udc91\ud835\udc87\ud835\udc86\ud835\udc93\ud835\udc8a\ud835\udc94 \ud835\udc7b\ud835\udc98\ud835\udc8a\ud835\udc8f\ud835\udc8c\ud835\udc8d\ud835\udc86 \ud835\udc74\ud835\udc96\ud835\udc8d\ud835\udc95\ud835\udc8a \ud835\udc7a\ud835\udc86\ud835\udc93\ud835\udc96\ud835\udc8e - M\u00f3n \u0111\u1ed3 skincare kh\u00f4ng th\u1ec3 thi\u1ebfu gi\u00fap cho l\u00e0n da \u0111\u01b0\u1ee3c c\u00e2n b\u1eb1ng \u0111\u1ed9 \u1ea9m t\u1ed1i \u01b0u k\u1ec3 c\u1ea3 da nh\u1ea1y c\u1ea3m, t\u1eeb \u0111\u00f3 gi\u00fap l\u00e0n da b\u1ea1n ng\u00e0y m\u1ed9t tr\u1edf n\u00ean m\u1ec1m m\u1ea1i v\u00e0 r\u1ea1ng r\u1ee1 h\u01a1n.\",\"breadcrumb\":{\"@id\":\"https:\/\/luzanaff.com\/san-pham\/post-shave-lotion-3\/#breadcrumb\"},\"inLanguage\":\"en-US\",\"potentialAction\":[{\"@type\":\"ReadAction\",\"target\":[\"https:\/\/luzanaff.com\/san-pham\/post-shave-lotion-3\/\"]}]},{\"@type\":\"BreadcrumbList\",\"@id\":\"https:\/\/luzanaff.com\/san-pham\/post-shave-lotion-3\/#breadcrumb\",\"itemListElement\":[{\"@type\":\"ListItem\",\"position\":1,\"name\":\"Trang ch\u1ee7\",\"item\":\"https:\/\/luzanaff.com\/\"},{\"@type\":\"ListItem\",\"position\":2,\"name\":\"S\u1ea3n ph\u1ea9m\",\"item\":\"https:\/\/luzanaff.com\/san-pham-luzana\/\"},{\"@type\":\"ListItem\",\"position\":3,\"name\":\"Apferis Twinkle Multi Serum &#8211; Tinh ch\u1ea5t d\u01b0\u1ee1ng da\"}]},{\"@type\":\"WebSite\",\"@id\":\"https:\/\/luzanaff.com\/#website\",\"url\":\"https:\/\/luzanaff.com\/\",\"name\":\"LUZANA\",\"description\":\"\",\"potentialAction\":[{\"@type\":\"SearchAction\",\"target\":{\"@type\":\"EntryPoint\",\"urlTemplate\":\"https:\/\/luzanaff.com\/?s={search_term_string}\"},\"query-input\":\"required name=search_term_string\"}],\"inLanguage\":\"en-US\"}]}<\/script>\n<!-- \/ Yoast SEO Premium plugin. -->","yoast_head_json":{"title":"LUZANA - Apferis Twinkle Multi Serum - Tinh ch\u1ea5t d\u01b0\u1ee1ng da","description":"\ud835\udc68\ud835\udc91\ud835\udc87\ud835\udc86\ud835\udc93\ud835\udc8a\ud835\udc94 \ud835\udc7b\ud835\udc98\ud835\udc8a\ud835\udc8f\ud835\udc8c\ud835\udc8d\ud835\udc86 \ud835\udc74\ud835\udc96\ud835\udc8d\ud835\udc95\ud835\udc8a \ud835\udc7a\ud835\udc86\ud835\udc93\ud835\udc96\ud835\udc8e - M\u00f3n \u0111\u1ed3 skincare kh\u00f4ng th\u1ec3 thi\u1ebfu gi\u00fap cho l\u00e0n da \u0111\u01b0\u1ee3c c\u00e2n b\u1eb1ng \u0111\u1ed9 \u1ea9m t\u1ed1i \u01b0u k\u1ec3 c\u1ea3 da nh\u1ea1y c\u1ea3m, t\u1eeb \u0111\u00f3 gi\u00fap l\u00e0n da b\u1ea1n ng\u00e0y m\u1ed9t tr\u1edf n\u00ean m\u1ec1m m\u1ea1i v\u00e0 r\u1ea1ng r\u1ee1 h\u01a1n.","robots":{"index":"index","follow":"follow","max-snippet":"max-snippet:-1","max-image-preview":"max-image-preview:large","max-video-preview":"max-video-preview:-1"},"canonical":"https:\/\/luzanaff.com\/en\/product\/post-shave-lotion-3\/","og_locale":"en_US","og_type":"article","og_title":"Apferis Twinkle Multi Serum - Tinh ch\u1ea5t d\u01b0\u1ee1ng da","og_description":"\ud835\udc68\ud835\udc91\ud835\udc87\ud835\udc86\ud835\udc93\ud835\udc8a\ud835\udc94 \ud835\udc7b\ud835\udc98\ud835\udc8a\ud835\udc8f\ud835\udc8c\ud835\udc8d\ud835\udc86 \ud835\udc74\ud835\udc96\ud835\udc8d\ud835\udc95\ud835\udc8a \ud835\udc7a\ud835\udc86\ud835\udc93\ud835\udc96\ud835\udc8e - M\u00f3n \u0111\u1ed3 skincare kh\u00f4ng th\u1ec3 thi\u1ebfu gi\u00fap cho l\u00e0n da \u0111\u01b0\u1ee3c c\u00e2n b\u1eb1ng \u0111\u1ed9 \u1ea9m t\u1ed1i \u01b0u k\u1ec3 c\u1ea3 da nh\u1ea1y c\u1ea3m, t\u1eeb \u0111\u00f3 gi\u00fap l\u00e0n da b\u1ea1n ng\u00e0y m\u1ed9t tr\u1edf n\u00ean m\u1ec1m m\u1ea1i v\u00e0 r\u1ea1ng r\u1ee1 h\u01a1n.","og_url":"https:\/\/luzanaff.com\/en\/product\/post-shave-lotion-3\/","og_site_name":"LUZANA","article_modified_time":"2025-12-01T00:37:34+00:00","og_image":[{"width":1080,"height":1080,"url":"https:\/\/luzanaff.com\/wp-content\/uploads\/2025\/03\/2-1.png","type":"image\/png"}],"twitter_card":"summary_large_image","twitter_misc":{"Est. reading time":"2 minutes"},"schema":{"@context":"https:\/\/schema.org","@graph":[{"@type":"WebPage","@id":"https:\/\/luzanaff.com\/san-pham\/post-shave-lotion-3\/","url":"https:\/\/luzanaff.com\/san-pham\/post-shave-lotion-3\/","name":"LUZANA - Apferis Twinkle Multi Serum - Tinh ch\u1ea5t d\u01b0\u1ee1ng da","isPartOf":{"@id":"https:\/\/luzanaff.com\/#website"},"datePublished":"2025-02-18T07:15:48+00:00","dateModified":"2025-12-01T00:37:34+00:00","description":"\ud835\udc68\ud835\udc91\ud835\udc87\ud835\udc86\ud835\udc93\ud835\udc8a\ud835\udc94 \ud835\udc7b\ud835\udc98\ud835\udc8a\ud835\udc8f\ud835\udc8c\ud835\udc8d\ud835\udc86 \ud835\udc74\ud835\udc96\ud835\udc8d\ud835\udc95\ud835\udc8a \ud835\udc7a\ud835\udc86\ud835\udc93\ud835\udc96\ud835\udc8e - M\u00f3n \u0111\u1ed3 skincare kh\u00f4ng th\u1ec3 thi\u1ebfu gi\u00fap cho l\u00e0n da \u0111\u01b0\u1ee3c c\u00e2n b\u1eb1ng \u0111\u1ed9 \u1ea9m t\u1ed1i \u01b0u k\u1ec3 c\u1ea3 da nh\u1ea1y c\u1ea3m, t\u1eeb \u0111\u00f3 gi\u00fap l\u00e0n da b\u1ea1n ng\u00e0y m\u1ed9t tr\u1edf n\u00ean m\u1ec1m m\u1ea1i v\u00e0 r\u1ea1ng r\u1ee1 h\u01a1n.","breadcrumb":{"@id":"https:\/\/luzanaff.com\/san-pham\/post-shave-lotion-3\/#breadcrumb"},"inLanguage":"en-US","potentialAction":[{"@type":"ReadAction","target":["https:\/\/luzanaff.com\/san-pham\/post-shave-lotion-3\/"]}]},{"@type":"BreadcrumbList","@id":"https:\/\/luzanaff.com\/san-pham\/post-shave-lotion-3\/#breadcrumb","itemListElement":[{"@type":"ListItem","position":1,"name":"Trang ch\u1ee7","item":"https:\/\/luzanaff.com\/"},{"@type":"ListItem","position":2,"name":"S\u1ea3n ph\u1ea9m","item":"https:\/\/luzanaff.com\/san-pham-luzana\/"},{"@type":"ListItem","position":3,"name":"Apferis Twinkle Multi Serum &#8211; Tinh ch\u1ea5t d\u01b0\u1ee1ng da"}]},{"@type":"WebSite","@id":"https:\/\/luzanaff.com\/#website","url":"https:\/\/luzanaff.com\/","name":"LUZANA","description":"","potentialAction":[{"@type":"SearchAction","target":{"@type":"EntryPoint","urlTemplate":"https:\/\/luzanaff.com\/?s={search_term_string}"},"query-input":"required name=search_term_string"}],"inLanguage":"en-US"}]}},"_links":{"self":[{"href":"https:\/\/luzanaff.com\/en\/wp-json\/wp\/v2\/product\/1190","targetHints":{"allow":["GET"]}}],"collection":[{"href":"https:\/\/luzanaff.com\/en\/wp-json\/wp\/v2\/product"}],"about":[{"href":"https:\/\/luzanaff.com\/en\/wp-json\/wp\/v2\/types\/product"}],"replies":[{"embeddable":true,"href":"https:\/\/luzanaff.com\/en\/wp-json\/wp\/v2\/comments?post=1190"}],"wp:featuredmedia":[{"embeddable":true,"href":"https:\/\/luzanaff.com\/en\/wp-json\/wp\/v2\/media\/5365"}],"wp:attachment":[{"href":"https:\/\/luzanaff.com\/en\/wp-json\/wp\/v2\/media?parent=1190"}],"wp:term":[{"taxonomy":"product_cat","embeddable":true,"href":"https:\/\/luzanaff.com\/en\/wp-json\/wp\/v2\/product_cat?post=1190"},{"taxonomy":"product_tag","embeddable":true,"href":"https:\/\/luzanaff.com\/en\/wp-json\/wp\/v2\/product_tag?post=1190"}],"curies":[{"name":"wp","href":"https:\/\/api.w.org\/{rel}","templated":true}]}}